{"id":962,"date":"2024-07-29T13:03:00","date_gmt":"2024-07-29T11:03:00","guid":{"rendered":"https:\/\/areasimulacionclinica.umh.es\/?page_id=962"},"modified":"2024-10-15T13:06:10","modified_gmt":"2024-10-15T11:06:10","slug":"entrenamiento-en-tecnicas-de-diagnostico-por-imagen","status":"publish","type":"page","link":"https:\/\/areasimulacionclinica.umh.es\/en\/simuladores\/entrenamiento-en-tecnicas-de-diagnostico-por-imagen\/","title":{"rendered":"<span lang=\"es\">(Espa\u00f1ol) Entrenamiento en t\u00e9cnicas de diagn\u00f3stico por imagen<\/span>"},"content":{"rendered":"<p class=\"qtranxs-available-languages-message qtranxs-available-languages-message-en\">Sorry, this entry is only available in <a href=\"https:\/\/areasimulacionclinica.umh.es\/es\/wp-json\/wp\/v2\/pages\/962\" class=\"qtranxs-available-language-link qtranxs-available-language-link-es\" title=\"Espa\u00f1ol\">European Spanish<\/a>.<\/p>","protected":false},"excerpt":{"rendered":"<p>Sorry, this entry is only available in European Spanish.<\/p>\n","protected":false},"author":4376,"featured_media":0,"parent":61,"menu_order":8,"comment_status":"closed","ping_status":"closed","template":"","meta":{"_links_to":"","_links_to_target":""},"_links":{"self":[{"href":"https:\/\/areasimulacionclinica.umh.es\/en\/wp-json\/wp\/v2\/pages\/962"}],"collection":[{"href":"https:\/\/areasimulacionclinica.umh.es\/en\/wp-json\/wp\/v2\/pages"}],"about":[{"href":"https:\/\/areasimulacionclinica.umh.es\/en\/wp-json\/wp\/v2\/types\/page"}],"author":[{"embeddable":true,"href":"https:\/\/areasimulacionclinica.umh.es\/en\/wp-json\/wp\/v2\/users\/4376"}],"replies":[{"embeddable":true,"href":"https:\/\/areasimulacionclinica.umh.es\/en\/wp-json\/wp\/v2\/comments?post=962"}],"version-history":[{"count":0,"href":"https:\/\/areasimulacionclinica.umh.es\/en\/wp-json\/wp\/v2\/pages\/962\/revisions"}],"up":[{"embeddable":true,"href":"https:\/\/areasimulacionclinica.umh.es\/en\/wp-json\/wp\/v2\/pages\/61"}],"wp:attachment":[{"href":"https:\/\/areasimulacionclinica.umh.es\/en\/wp-json\/wp\/v2\/media?parent=962"}],"curies":[{"name":"wp","href":"https:\/\/api.w.org\/{rel}","templated":true}]}}