{"id":264,"date":"2023-07-27T08:20:19","date_gmt":"2023-07-27T06:20:19","guid":{"rendered":"https:\/\/areasimulacionclinica.umh.es\/?page_id=264"},"modified":"2023-07-27T08:20:19","modified_gmt":"2023-07-27T06:20:19","slug":"manejo-de-via-aerea-pediatrica","status":"publish","type":"page","link":"https:\/\/areasimulacionclinica.umh.es\/en\/simuladores\/manejo-de-via-aerea-pediatrica\/","title":{"rendered":"<span lang=\"es\">(Espa\u00f1ol) Manejo de v\u00eda a\u00e9rea pedi\u00e1trica<\/span>"},"content":{"rendered":"<p class=\"qtranxs-available-languages-message qtranxs-available-languages-message-en\">Sorry, this entry is only available in <a href=\"https:\/\/areasimulacionclinica.umh.es\/es\/wp-json\/wp\/v2\/pages\/264\" class=\"qtranxs-available-language-link qtranxs-available-language-link-es\" title=\"Espa\u00f1ol\">European Spanish<\/a>.<\/p>","protected":false},"excerpt":{"rendered":"<p>Sorry, this entry is only available in European Spanish.<\/p>\n","protected":false},"author":4376,"featured_media":0,"parent":61,"menu_order":12,"comment_status":"closed","ping_status":"closed","template":"","meta":{"_links_to":"","_links_to_target":""},"_links":{"self":[{"href":"https:\/\/areasimulacionclinica.umh.es\/en\/wp-json\/wp\/v2\/pages\/264"}],"collection":[{"href":"https:\/\/areasimulacionclinica.umh.es\/en\/wp-json\/wp\/v2\/pages"}],"about":[{"href":"https:\/\/areasimulacionclinica.umh.es\/en\/wp-json\/wp\/v2\/types\/page"}],"author":[{"embeddable":true,"href":"https:\/\/areasimulacionclinica.umh.es\/en\/wp-json\/wp\/v2\/users\/4376"}],"replies":[{"embeddable":true,"href":"https:\/\/areasimulacionclinica.umh.es\/en\/wp-json\/wp\/v2\/comments?post=264"}],"version-history":[{"count":0,"href":"https:\/\/areasimulacionclinica.umh.es\/en\/wp-json\/wp\/v2\/pages\/264\/revisions"}],"up":[{"embeddable":true,"href":"https:\/\/areasimulacionclinica.umh.es\/en\/wp-json\/wp\/v2\/pages\/61"}],"wp:attachment":[{"href":"https:\/\/areasimulacionclinica.umh.es\/en\/wp-json\/wp\/v2\/media?parent=264"}],"curies":[{"name":"wp","href":"https:\/\/api.w.org\/{rel}","templated":true}]}}