{"id":927,"date":"2024-07-16T10:24:33","date_gmt":"2024-07-16T08:24:33","guid":{"rendered":"https:\/\/areasimulacionclinica.umh.es\/?page_id=927"},"modified":"2024-07-29T14:33:05","modified_gmt":"2024-07-29T12:33:05","slug":"servicio-de-reparaciones-de-equipos-de-simulacion","status":"publish","type":"page","link":"https:\/\/areasimulacionclinica.umh.es\/ca\/carta-de-servicios\/servicio-de-reparaciones-de-equipos-de-simulacion\/","title":{"rendered":"<span lang=\"es\">(Espa\u00f1ol) Servicio de reparaci\u00f3n de equipos de simulaci\u00f3n<\/span>"},"content":{"rendered":"<p class=\"qtranxs-available-languages-message qtranxs-available-languages-message-ca\">Ho sentim, aquesta entrada es troba disponible \u00fanicament en <a href=\"https:\/\/areasimulacionclinica.umh.es\/es\/wp-json\/wp\/v2\/pages\/927\" class=\"qtranxs-available-language-link qtranxs-available-language-link-es\" title=\"Espa\u00f1ol\">Espanyol Europeu<\/a>.<\/p>","protected":false},"excerpt":{"rendered":"<p>Ho sentim, aquesta entrada es troba disponible \u00fanicament en Espanyol Europeu.<\/p>\n","protected":false},"author":3222,"featured_media":0,"parent":169,"menu_order":2,"comment_status":"closed","ping_status":"closed","template":"","meta":{"_links_to":"","_links_to_target":""},"_links":{"self":[{"href":"https:\/\/areasimulacionclinica.umh.es\/ca\/wp-json\/wp\/v2\/pages\/927"}],"collection":[{"href":"https:\/\/areasimulacionclinica.umh.es\/ca\/wp-json\/wp\/v2\/pages"}],"about":[{"href":"https:\/\/areasimulacionclinica.umh.es\/ca\/wp-json\/wp\/v2\/types\/page"}],"author":[{"embeddable":true,"href":"https:\/\/areasimulacionclinica.umh.es\/ca\/wp-json\/wp\/v2\/users\/3222"}],"replies":[{"embeddable":true,"href":"https:\/\/areasimulacionclinica.umh.es\/ca\/wp-json\/wp\/v2\/comments?post=927"}],"version-history":[{"count":0,"href":"https:\/\/areasimulacionclinica.umh.es\/ca\/wp-json\/wp\/v2\/pages\/927\/revisions"}],"up":[{"embeddable":true,"href":"https:\/\/areasimulacionclinica.umh.es\/ca\/wp-json\/wp\/v2\/pages\/169"}],"wp:attachment":[{"href":"https:\/\/areasimulacionclinica.umh.es\/ca\/wp-json\/wp\/v2\/media?parent=927"}],"curies":[{"name":"wp","href":"https:\/\/api.w.org\/{rel}","templated":true}]}}