{"id":260,"date":"2023-07-27T08:13:19","date_gmt":"2023-07-27T06:13:19","guid":{"rendered":"https:\/\/areasimulacionclinica.umh.es\/?page_id=260"},"modified":"2024-05-15T12:28:21","modified_gmt":"2024-05-15T10:28:21","slug":"manejo-de-via-aerea","status":"publish","type":"page","link":"https:\/\/areasimulacionclinica.umh.es\/ca\/simuladores\/manejo-de-via-aerea\/","title":{"rendered":"<span lang=\"es\">(Espa\u00f1ol) Manejo de v\u00eda a\u00e9rea<\/span>"},"content":{"rendered":"<p class=\"qtranxs-available-languages-message qtranxs-available-languages-message-ca\">Ho sentim, aquesta entrada es troba disponible \u00fanicament en <a href=\"https:\/\/areasimulacionclinica.umh.es\/es\/wp-json\/wp\/v2\/pages\/260\" class=\"qtranxs-available-language-link qtranxs-available-language-link-es\" title=\"Espa\u00f1ol\">Espanyol Europeu<\/a>.<\/p>","protected":false},"excerpt":{"rendered":"<p>Ho sentim, aquesta entrada es troba disponible \u00fanicament en Espanyol Europeu.<\/p>\n","protected":false},"author":4376,"featured_media":0,"parent":61,"menu_order":11,"comment_status":"closed","ping_status":"closed","template":"","meta":{"_links_to":"","_links_to_target":""},"_links":{"self":[{"href":"https:\/\/areasimulacionclinica.umh.es\/ca\/wp-json\/wp\/v2\/pages\/260"}],"collection":[{"href":"https:\/\/areasimulacionclinica.umh.es\/ca\/wp-json\/wp\/v2\/pages"}],"about":[{"href":"https:\/\/areasimulacionclinica.umh.es\/ca\/wp-json\/wp\/v2\/types\/page"}],"author":[{"embeddable":true,"href":"https:\/\/areasimulacionclinica.umh.es\/ca\/wp-json\/wp\/v2\/users\/4376"}],"replies":[{"embeddable":true,"href":"https:\/\/areasimulacionclinica.umh.es\/ca\/wp-json\/wp\/v2\/comments?post=260"}],"version-history":[{"count":0,"href":"https:\/\/areasimulacionclinica.umh.es\/ca\/wp-json\/wp\/v2\/pages\/260\/revisions"}],"up":[{"embeddable":true,"href":"https:\/\/areasimulacionclinica.umh.es\/ca\/wp-json\/wp\/v2\/pages\/61"}],"wp:attachment":[{"href":"https:\/\/areasimulacionclinica.umh.es\/ca\/wp-json\/wp\/v2\/media?parent=260"}],"curies":[{"name":"wp","href":"https:\/\/api.w.org\/{rel}","templated":true}]}}