{"id":244,"date":"2023-07-26T14:12:21","date_gmt":"2023-07-26T12:12:21","guid":{"rendered":"https:\/\/areasimulacionclinica.umh.es\/?page_id=244"},"modified":"2023-07-26T14:12:21","modified_gmt":"2023-07-26T12:12:21","slug":"entrenamiento-de-puncion-pediatrica","status":"publish","type":"page","link":"https:\/\/areasimulacionclinica.umh.es\/ca\/simuladores\/entrenamiento-de-puncion-pediatrica\/","title":{"rendered":"<span lang=\"es\">(Espa\u00f1ol) Entrenamiento de punci\u00f3n pedi\u00e1trica<\/span>"},"content":{"rendered":"<p class=\"qtranxs-available-languages-message qtranxs-available-languages-message-ca\">Ho sentim, aquesta entrada es troba disponible \u00fanicament en <a href=\"https:\/\/areasimulacionclinica.umh.es\/es\/wp-json\/wp\/v2\/pages\/244\" class=\"qtranxs-available-language-link qtranxs-available-language-link-es\" title=\"Espa\u00f1ol\">Espanyol Europeu<\/a>.<\/p>","protected":false},"excerpt":{"rendered":"<p>Ho sentim, aquesta entrada es troba disponible \u00fanicament en Espanyol Europeu.<\/p>\n","protected":false},"author":4376,"featured_media":0,"parent":61,"menu_order":7,"comment_status":"closed","ping_status":"closed","template":"","meta":{"_links_to":"","_links_to_target":""},"_links":{"self":[{"href":"https:\/\/areasimulacionclinica.umh.es\/ca\/wp-json\/wp\/v2\/pages\/244"}],"collection":[{"href":"https:\/\/areasimulacionclinica.umh.es\/ca\/wp-json\/wp\/v2\/pages"}],"about":[{"href":"https:\/\/areasimulacionclinica.umh.es\/ca\/wp-json\/wp\/v2\/types\/page"}],"author":[{"embeddable":true,"href":"https:\/\/areasimulacionclinica.umh.es\/ca\/wp-json\/wp\/v2\/users\/4376"}],"replies":[{"embeddable":true,"href":"https:\/\/areasimulacionclinica.umh.es\/ca\/wp-json\/wp\/v2\/comments?post=244"}],"version-history":[{"count":0,"href":"https:\/\/areasimulacionclinica.umh.es\/ca\/wp-json\/wp\/v2\/pages\/244\/revisions"}],"up":[{"embeddable":true,"href":"https:\/\/areasimulacionclinica.umh.es\/ca\/wp-json\/wp\/v2\/pages\/61"}],"wp:attachment":[{"href":"https:\/\/areasimulacionclinica.umh.es\/ca\/wp-json\/wp\/v2\/media?parent=244"}],"curies":[{"name":"wp","href":"https:\/\/api.w.org\/{rel}","templated":true}]}}