{"id":1108,"date":"2024-11-25T13:01:08","date_gmt":"2024-11-25T12:01:08","guid":{"rendered":"https:\/\/areasimulacionclinica.umh.es\/?page_id=1108"},"modified":"2026-03-24T11:09:26","modified_gmt":"2026-03-24T10:09:26","slug":"podcast","status":"publish","type":"page","link":"https:\/\/areasimulacionclinica.umh.es\/ca\/podcast\/","title":{"rendered":"Podcast"},"content":{"rendered":"<p><\/p>\n<p style=\"text-align: justify\">P\u00f2dcast Simular \u00e9s d&#8217;Humans<\/p>\n<p>La simulaci\u00f3 cl\u00ednica s&#8217;ha consolidat com una eina essencial en la formaci\u00f3 de professionals de la salut, la millora de la seguretat del pacient i la innovaci\u00f3 en estrat\u00e8gies pedag\u00f2giques. En l&#8217;\u00c0rea de Simulaci\u00f3 Cl\u00ednica de la Universitat Miguel Hern\u00e1ndez (ASCUMH) hem identificat la necessitat d&#8217;acostar aquests coneixements i avan\u00e7os al p\u00fablic en general. Amb aquest objectiu, hem creat un programa de r\u00e0dio o p\u00f2dcast que permet divulgar i explicar de manera accessible tot el relacionat amb la simulaci\u00f3 cl\u00ednica.<\/p>\n<p>Simular \u00e9s d&#8217;Humans representa una oportunitat per a acostar aquest camp tan rellevant a un p\u00fablic m\u00e9s ampli. A trav\u00e9s d&#8217;aquest mitj\u00e0 sonor, i emprant els mitjans t\u00e8cnics i humans que ens proporciona R\u00e0dio UMH, podrem divulgar coneixements, compartir experi\u00e8ncies i promoure la import\u00e0ncia de la simulaci\u00f3 cl\u00ednica en la formaci\u00f3 dels futurs\/as professionals de la salut i la millora de la seguretat del pacient.<\/p>\n<p>El p\u00f2dcast est\u00e0 dirigit per Jos\u00e9 Manuel Ramos Rinc\u00f3n, Coordinador d&#8217;Innovaci\u00f3 del Vicerectorat de Planificaci\u00f3 i Responsabilitat Social de la UMH i catedr\u00e0tic de Medicina Cl\u00ednica \u00e9s condu\u00eft en cada episodi per Sergio Javaloy Ballestero, responsable tamb\u00e9 de l&#8217;edici\u00f3 i el disseny sonor. Aix\u00ed mateix, compta amb la col\u00b7laboraci\u00f3 i participaci\u00f3 de l&#8217;estudiant del Grau en Medicina, Mar\u00eda L\u00f3pez Brotons i de tot l&#8217;equip t\u00e8cnic del ASCUMH.<\/p>\n<p>Simular \u00e9s d&#8217;Humans s&#8217;emet en r\u00e0dio tradicional en la sintonia de R\u00e0dio UMH un dilluns cada quatre setmanes de 12:30h a 13:00h. Pots\u00a0 accedir a cada episodi quan vulgues des de la web de R\u00e0dio UMH i des d&#8217;aquesta mateixa p\u00e0gina.<\/p>\n<p><\/p>","protected":false},"excerpt":{"rendered":"<p>P\u00f2dcast Simular \u00e9s d&#8217;Humans<br \/>\nLa simulaci\u00f3 cl\u00ednica s&#8217;ha consolidat com una eina essencial en la formaci\u00f3 de professionals de la salut, la millora de la seguretat del pacient i la innovaci\u00f3 en estrat\u00e8gies pedag\u00f2giques. En l&#8217;\u00c0rea de Simulaci\u00f3 Cl\u00ednica de la Universitat Miguel Hern\u00e1ndez (ASCUMH) hem identificat la necessitat d&#8217;acostar aquests coneixements i avan\u00e7os al p\u00fablic [&#8230;]<\/p>\n","protected":false},"author":4376,"featured_media":0,"parent":0,"menu_order":5,"comment_status":"closed","ping_status":"closed","template":"","meta":{"_links_to":"","_links_to_target":""},"_links":{"self":[{"href":"https:\/\/areasimulacionclinica.umh.es\/ca\/wp-json\/wp\/v2\/pages\/1108"}],"collection":[{"href":"https:\/\/areasimulacionclinica.umh.es\/ca\/wp-json\/wp\/v2\/pages"}],"about":[{"href":"https:\/\/areasimulacionclinica.umh.es\/ca\/wp-json\/wp\/v2\/types\/page"}],"author":[{"embeddable":true,"href":"https:\/\/areasimulacionclinica.umh.es\/ca\/wp-json\/wp\/v2\/users\/4376"}],"replies":[{"embeddable":true,"href":"https:\/\/areasimulacionclinica.umh.es\/ca\/wp-json\/wp\/v2\/comments?post=1108"}],"version-history":[{"count":0,"href":"https:\/\/areasimulacionclinica.umh.es\/ca\/wp-json\/wp\/v2\/pages\/1108\/revisions"}],"wp:attachment":[{"href":"https:\/\/areasimulacionclinica.umh.es\/ca\/wp-json\/wp\/v2\/media?parent=1108"}],"curies":[{"name":"wp","href":"https:\/\/api.w.org\/{rel}","templated":true}]}}